{"id":2354,"date":"2022-10-17T12:04:08","date_gmt":"2022-10-17T12:04:08","guid":{"rendered":"https:\/\/www.carnicasiruna.com\/?page_id=2354"},"modified":"2024-11-27T17:58:28","modified_gmt":"2024-11-27T17:58:28","slug":"work-with-us","status":"publish","type":"page","link":"https:\/\/www.carnicasiruna.com\/en\/work-with-us\/","title":{"rendered":"Work with us"},"content":{"rendered":"<p>[et_pb_section fb_built=&#8221;1&#8243; _builder_version=&#8221;4.27.2&#8243; _module_preset=&#8221;default&#8221; background_image=&#8221;https:\/\/www.carnicasiruna.com\/wp-content\/uploads\/operarios-sala-despiece.jpg&#8221; positioning=&#8221;none&#8221; custom_padding=&#8221;160px||160px||true|false&#8221; global_colors_info=&#8221;{}&#8221;][\/et_pb_section][et_pb_section fb_built=&#8221;1&#8243; custom_padding_last_edited=&#8221;on|phone&#8221; admin_label=&#8221;About Us Section&#8221; _builder_version=&#8221;4.27.2&#8243; background_color=&#8221;RGBA(255,255,255,0)&#8221; z_index=&#8221;35&#8243; custom_margin=&#8221;||||false|false&#8221; custom_margin_tablet=&#8221;||||false|false&#8221; custom_margin_phone=&#8221;||||false|false&#8221; custom_margin_last_edited=&#8221;on|phone&#8221; custom_padding=&#8221;||||true|false&#8221; custom_padding_tablet=&#8221;50px||50px||true|false&#8221; custom_padding_phone=&#8221;30px||0px||false|false&#8221; global_colors_info=&#8221;{}&#8221;][et_pb_row _builder_version=&#8221;4.27.2&#8243; _module_preset=&#8221;default&#8221; positioning=&#8221;none&#8221; position_origin_a=&#8221;bottom_left&#8221; width=&#8221;100%&#8221; width_tablet=&#8221;90%&#8221; width_phone=&#8221;80%&#8221; width_last_edited=&#8221;on|phone&#8221; max_width=&#8221;1190px&#8221; custom_padding=&#8221;0px||0px||true|false&#8221; border_color_all=&#8221;#FFBF99&#8243; global_colors_info=&#8221;{}&#8221;][et_pb_column type=&#8221;4_4&#8243; _builder_version=&#8221;4.27.2&#8243; _module_preset=&#8221;default&#8221; custom_padding=&#8221;||0px||false|false&#8221; global_colors_info=&#8221;{}&#8221;][et_pb_text _builder_version=&#8221;4.27.4&#8243; _module_preset=&#8221;default&#8221; header_font_size=&#8221;60px&#8221; header_2_text_color=&#8221;#2E2930&#8243; header_2_font_size=&#8221;47px&#8221; background_color=&#8221;RGBA(255,255,255,0)&#8221; module_alignment=&#8221;left&#8221; custom_margin=&#8221;||0px||false|false&#8221; custom_margin_tablet=&#8221;||0px||false|false&#8221; custom_margin_phone=&#8221;||0px||false|false&#8221; custom_margin_last_edited=&#8221;on|desktop&#8221; custom_padding=&#8221;||||false|false&#8221; header_font_size_tablet=&#8221;48px&#8221; header_font_size_phone=&#8221;32px&#8221; header_font_size_last_edited=&#8221;on|phone&#8221; global_colors_info=&#8221;{}&#8221;]<\/p>\n<h1 style=\"padding: 0px!important;\">Work with us<\/h1>\n<p>[\/et_pb_text][et_pb_divider color=&#8221;#FFBF99&#8243; divider_position=&#8221;center&#8221; divider_weight=&#8221;3px&#8221; _builder_version=&#8221;4.27.2&#8243; max_width=&#8221;50px&#8221; module_alignment=&#8221;left&#8221; custom_margin=&#8221;||||false|false&#8221; custom_margin_tablet=&#8221;||||false|false&#8221; custom_margin_phone=&#8221;||||true|false&#8221; custom_margin_last_edited=&#8221;on|phone&#8221; custom_padding=&#8221;20px||0px||false|false&#8221; animation_direction=&#8221;top&#8221; global_colors_info=&#8221;{}&#8221;][\/et_pb_divider][\/et_pb_column][\/et_pb_row][\/et_pb_section][et_pb_section fb_built=&#8221;1&#8243; _builder_version=&#8221;4.27.2&#8243; _module_preset=&#8221;default&#8221; background_color=&#8221;RGBA(255,255,255,0)&#8221; custom_padding=&#8221;0px||0px||false|false&#8221; global_colors_info=&#8221;{}&#8221;][et_pb_row _builder_version=&#8221;4.27.2&#8243; background_size=&#8221;initial&#8221; background_position=&#8221;top_left&#8221; background_repeat=&#8221;repeat&#8221; width=&#8221;90%&#8221; width_tablet=&#8221;90%&#8221; width_phone=&#8221;80%&#8221; width_last_edited=&#8221;on|phone&#8221; max_width=&#8221;900px&#8221; global_colors_info=&#8221;{}&#8221;][et_pb_column type=&#8221;4_4&#8243; _builder_version=&#8221;4.16&#8243; custom_padding=&#8221;|||&#8221; global_colors_info=&#8221;{}&#8221; custom_padding__hover=&#8221;|||&#8221;][et_pb_text admin_label=&#8221;Texto&#8221; _builder_version=&#8221;4.27.4&#8243; header_2_font_size=&#8221;40px&#8221; custom_margin=&#8221;||||false|false&#8221; custom_padding=&#8221;||40px||false|false&#8221; hover_enabled=&#8221;0&#8243; header_2_font_size_tablet=&#8221;34px&#8221; header_2_font_size_phone=&#8221;26px&#8221; header_2_font_size_last_edited=&#8221;on|phone&#8221; global_colors_info=&#8221;{}&#8221; sticky_enabled=&#8221;0&#8243;]Please, send us the following form and we will contact you as soon as possible (fields marked * are compulsory).[\/et_pb_text][et_pb_text _builder_version=&#8221;4.18.0&#8243; _module_preset=&#8221;default&#8221; global_colors_info=&#8221;{}&#8221;]<\/p>\n\n<div class=\"wpcf7 no-js\" id=\"wpcf7-f2387-o1\" lang=\"fr-FR\" dir=\"ltr\" data-wpcf7-id=\"2387\">\n<div class=\"screen-reader-response\"><p role=\"status\" aria-live=\"polite\" aria-atomic=\"true\"><\/p> <ul><\/ul><\/div>\n<form action=\"\/en\/wp-json\/wp\/v2\/pages\/2354#wpcf7-f2387-o1\" method=\"post\" class=\"wpcf7-form init\" aria-label=\"Formulaire de contact\" enctype=\"multipart\/form-data\" novalidate=\"novalidate\" data-status=\"init\">\n<fieldset class=\"hidden-fields-container\"><input type=\"hidden\" name=\"_wpcf7\" value=\"2387\" \/><input type=\"hidden\" name=\"_wpcf7_version\" value=\"6.1.5\" \/><input type=\"hidden\" name=\"_wpcf7_locale\" value=\"fr_FR\" \/><input type=\"hidden\" name=\"_wpcf7_unit_tag\" value=\"wpcf7-f2387-o1\" \/><input type=\"hidden\" name=\"_wpcf7_container_post\" value=\"0\" \/><input type=\"hidden\" name=\"_wpcf7_posted_data_hash\" value=\"\" \/><input type=\"hidden\" name=\"_wpcf7_recaptcha_response\" value=\"\" \/>\n<\/fieldset>\n<p><label>Name and Surname<br \/>\n<span class=\"wpcf7-form-control-wrap\" data-name=\"nombre\"><input size=\"40\" maxlength=\"400\" class=\"wpcf7-form-control wpcf7-text wpcf7-validates-as-required cv_txt\" aria-required=\"true\" aria-invalid=\"false\" value=\"\" type=\"text\" name=\"nombre\" \/><\/span> <\/label>\n<\/p>\n<p><label> Email<br \/>\n<span class=\"wpcf7-form-control-wrap\" data-name=\"email\"><input size=\"40\" maxlength=\"400\" class=\"wpcf7-form-control wpcf7-email wpcf7-validates-as-required wpcf7-text wpcf7-validates-as-email\" aria-required=\"true\" aria-invalid=\"false\" value=\"\" type=\"email\" name=\"email\" \/><\/span> <\/label>\n<\/p>\n<p><label> Phone<br \/>\n<span class=\"wpcf7-form-control-wrap\" data-name=\"telefono\"><input size=\"40\" maxlength=\"400\" class=\"wpcf7-form-control wpcf7-tel wpcf7-validates-as-required wpcf7-text wpcf7-validates-as-tel\" aria-required=\"true\" aria-invalid=\"false\" value=\"\" type=\"tel\" name=\"telefono\" \/><\/span> <\/label>\n<\/p>\n<p><label> Presentation letter<br \/>\n<span class=\"wpcf7-form-control-wrap\" data-name=\"carta\"><textarea cols=\"40\" rows=\"10\" maxlength=\"2000\" class=\"wpcf7-form-control wpcf7-textarea wpcf7-validates-as-required\" aria-required=\"true\" aria-invalid=\"false\" name=\"carta\"><\/textarea><\/span> <\/label>\n<\/p>\n<p><strong>documents: CV<\/strong><br \/>\n<label> File*<br \/>\n<span class=\"wpcf7-form-control-wrap\" data-name=\"cv\"><input size=\"40\" class=\"wpcf7-form-control wpcf7-file wpcf7-validates-as-required\" accept=\".pdf,.doc,.docx\" aria-required=\"true\" aria-invalid=\"false\" type=\"file\" name=\"cv\" \/><\/span> <\/label>\n<\/p>\n<p>Files must be less than: 2 MB<br \/>\nAllowed files: doc | docx | pdf\n<\/p>\n<p><span class=\"wpcf7-form-control-wrap\" data-name=\"rgpd\"><span class=\"wpcf7-form-control wpcf7-acceptance\"><span class=\"wpcf7-list-item\"><label><input type=\"checkbox\" name=\"rgpd\" value=\"1\" aria-invalid=\"false\" \/><span class=\"wpcf7-list-item-label\">I have read and accept the <a rel=\"nofollow\" href=\"\/politica-privacidad\">Privacy Policy<\/a>.<\/span><\/label><\/span><\/span><\/span>\n<\/p>\n<p style=\"font-size:0.8em; line-height:1.2em!important; color: #666\"><i>CARNICAS IRU\u00d1A, S.A., as data controller, informs you that your data is collected for the purpose of: Curriculum data management for possible incorporation into our work team. The legal basis for processing is the consent of the interested party. . Your data will not be transferred to third parties except legal obligation. Any person has the right to request access, rectification, deletion, limitation of treatment, opposition or right to portability of their personal data, by writing to the address of our offices, or by sending an email to rrhh@carnicasiruna.com, indicating the right you wish to exercise. You can obtain additional information on our website: www.carnicasiruna.com.<\/i>\n<\/p>\n<p><input class=\"wpcf7-form-control wpcf7-submit has-spinner\" type=\"submit\" value=\"Send resume\" \/>\n<\/p><div class=\"wpcf7-response-output\" aria-hidden=\"true\"><\/div>\n<\/form>\n<\/div>\n\n<p>[\/et_pb_text][\/et_pb_column][\/et_pb_row][\/et_pb_section]<\/p>\n","protected":false},"excerpt":{"rendered":"<p>Work with usPlease, send us the following form and we will contact you as soon as possible (fields marked * are compulsory).\n<div class=\"wpcf7 no-js\" id=\"wpcf7-f2387-o2\" lang=\"fr-FR\" dir=\"ltr\" data-wpcf7-id=\"2387\">\n<div class=\"screen-reader-response\"><p role=\"status\" aria-live=\"polite\" aria-atomic=\"true\"><\/p> <ul><\/ul><\/div>\n<form action=\"\/en\/wp-json\/wp\/v2\/pages\/2354#wpcf7-f2387-o2\" method=\"post\" class=\"wpcf7-form init\" aria-label=\"Formulaire de contact\" enctype=\"multipart\/form-data\" novalidate=\"novalidate\" data-status=\"init\">\n<fieldset class=\"hidden-fields-container\"><input type=\"hidden\" name=\"_wpcf7\" value=\"2387\" \/><input type=\"hidden\" name=\"_wpcf7_version\" value=\"6.1.5\" \/><input type=\"hidden\" name=\"_wpcf7_locale\" value=\"fr_FR\" \/><input type=\"hidden\" name=\"_wpcf7_unit_tag\" value=\"wpcf7-f2387-o2\" \/><input type=\"hidden\" name=\"_wpcf7_container_post\" value=\"0\" \/><input type=\"hidden\" name=\"_wpcf7_posted_data_hash\" value=\"\" \/><input type=\"hidden\" name=\"_wpcf7_recaptcha_response\" value=\"\" \/>\n<\/fieldset>\n<p><label>Name and Surname<br \/>\n<span class=\"wpcf7-form-control-wrap\" data-name=\"nombre\"><input size=\"40\" maxlength=\"400\" class=\"wpcf7-form-control wpcf7-text wpcf7-validates-as-required cv_txt\" aria-required=\"true\" aria-invalid=\"false\" value=\"\" type=\"text\" name=\"nombre\" \/><\/span> <\/label>\n<\/p>\n<p><label> Email<br \/>\n<span class=\"wpcf7-form-control-wrap\" data-name=\"email\"><input size=\"40\" maxlength=\"400\" class=\"wpcf7-form-control wpcf7-email wpcf7-validates-as-required wpcf7-text wpcf7-validates-as-email\" aria-required=\"true\" aria-invalid=\"false\" value=\"\" type=\"email\" name=\"email\" \/><\/span> <\/label>\n<\/p>\n<p><label> Phone<br \/>\n<span class=\"wpcf7-form-control-wrap\" data-name=\"telefono\"><input size=\"40\" maxlength=\"400\" class=\"wpcf7-form-control wpcf7-tel wpcf7-validates-as-required wpcf7-text wpcf7-validates-as-tel\" aria-required=\"true\" aria-invalid=\"false\" value=\"\" type=\"tel\" name=\"telefono\" \/><\/span> <\/label>\n<\/p>\n<p><label> Presentation letter<br \/>\n<span class=\"wpcf7-form-control-wrap\" data-name=\"carta\"><textarea cols=\"40\" rows=\"10\" maxlength=\"2000\" class=\"wpcf7-form-control wpcf7-textarea wpcf7-validates-as-required\" aria-required=\"true\" aria-invalid=\"false\" name=\"carta\"><\/textarea><\/span> <\/label>\n<\/p>\n<p><strong>documents: CV<\/strong><br \/>\n<label> File*<br \/>\n<span class=\"wpcf7-form-control-wrap\" data-name=\"cv\"><input size=\"40\" class=\"wpcf7-form-control wpcf7-file wpcf7-validates-as-required\" accept=\".pdf,.doc,.docx\" aria-required=\"true\" aria-invalid=\"false\" type=\"file\" name=\"cv\" \/><\/span> <\/label>\n<\/p>\n<p>Files must be less than: 2 MB<br \/>\nAllowed files: doc | docx | pdf\n<\/p>\n<p><span class=\"wpcf7-form-control-wrap\" data-name=\"rgpd\"><span class=\"wpcf7-form-control wpcf7-acceptance\"><span class=\"wpcf7-list-item\"><label><input type=\"checkbox\" name=\"rgpd\" value=\"1\" aria-invalid=\"false\" \/><span class=\"wpcf7-list-item-label\">I have read and accept the <a rel=\"nofollow\" href=\"\/politica-privacidad\">Privacy Policy<\/a>.<\/span><\/label><\/span><\/span><\/span>\n<\/p>\n<p style=\"font-size:0.8em; line-height:1.2em!important; color: #666\"><i>CARNICAS IRU\u00d1A, S.A., as data controller, informs you that your data is collected for the purpose of: Curriculum data management for possible incorporation into our work team. The legal basis for processing is the consent of the interested party. . Your data will not be transferred to third parties except legal obligation. Any person has the right to request access, rectification, deletion, limitation of treatment, opposition or right to portability of their personal data, by writing to the address of our offices, or by sending an email to rrhh@carnicasiruna.com, indicating the right you wish to exercise. You can obtain additional information on our website: www.carnicasiruna.com.<\/i>\n<\/p>\n<p><input class=\"wpcf7-form-control wpcf7-submit has-spinner\" type=\"submit\" value=\"Send resume\" \/>\n<\/p><div class=\"wpcf7-response-output\" aria-hidden=\"true\"><\/div>\n<\/form>\n<\/div>\n<\/p>\n","protected":false},"author":4,"featured_media":0,"parent":0,"menu_order":0,"comment_status":"closed","ping_status":"closed","template":"","meta":{"_et_pb_use_builder":"on","_et_pb_old_content":"","_et_gb_content_width":"","footnotes":""},"class_list":["post-2354","page","type-page","status-publish","hentry"],"yoast_head":"<!-- This site is optimized with the Yoast SEO plugin v27.4 - https:\/\/yoast.com\/product\/yoast-seo-wordpress\/ -->\n<title>Work with us - C\u00c1RNICAS IRU\u00d1A<\/title>\n<meta name=\"robots\" content=\"index, follow, max-snippet:-1, max-image-preview:large, max-video-preview:-1\" \/>\n<link rel=\"canonical\" href=\"https:\/\/www.carnicasiruna.com\/en\/work-with-us\/\" \/>\n<meta property=\"og:locale\" content=\"en_US\" \/>\n<meta property=\"og:type\" content=\"article\" \/>\n<meta property=\"og:title\" content=\"Work with us - C\u00c1RNICAS IRU\u00d1A\" \/>\n<meta property=\"og:description\" content=\"Work with usPlease, send us the following form and we will contact you as soon as possible (fields marked * are compulsory).\" \/>\n<meta property=\"og:url\" content=\"https:\/\/www.carnicasiruna.com\/en\/work-with-us\/\" \/>\n<meta property=\"og:site_name\" content=\"C\u00c1RNICAS IRU\u00d1A\" \/>\n<meta property=\"article:publisher\" content=\"https:\/\/www.facebook.com\/carnicasiruna\" \/>\n<meta property=\"article:modified_time\" content=\"2024-11-27T17:58:28+00:00\" \/>\n<meta property=\"og:image\" content=\"https:\/\/www.carnicasiruna.com\/wp-content\/uploads\/carnicas-iruna-play.jpg\" \/>\n\t<meta property=\"og:image:width\" content=\"1200\" \/>\n\t<meta property=\"og:image:height\" content=\"630\" \/>\n\t<meta property=\"og:image:type\" content=\"image\/jpeg\" \/>\n<meta name=\"twitter:card\" content=\"summary_large_image\" \/>\n<meta name=\"twitter:site\" content=\"@Carnicas_iruna\" \/>\n<meta name=\"twitter:label1\" content=\"Est. reading time\" \/>\n\t<meta name=\"twitter:data1\" content=\"2 minutes\" \/>\n<script type=\"application\/ld+json\" class=\"yoast-schema-graph\">{\"@context\":\"https:\\\/\\\/schema.org\",\"@graph\":[{\"@type\":\"WebPage\",\"@id\":\"https:\\\/\\\/www.carnicasiruna.com\\\/en\\\/work-with-us\\\/\",\"url\":\"https:\\\/\\\/www.carnicasiruna.com\\\/en\\\/work-with-us\\\/\",\"name\":\"Work with us - C\u00c1RNICAS IRU\u00d1A\",\"isPartOf\":{\"@id\":\"https:\\\/\\\/www.carnicasiruna.com\\\/#website\"},\"datePublished\":\"2022-10-17T12:04:08+00:00\",\"dateModified\":\"2024-11-27T17:58:28+00:00\",\"breadcrumb\":{\"@id\":\"https:\\\/\\\/www.carnicasiruna.com\\\/en\\\/work-with-us\\\/#breadcrumb\"},\"inLanguage\":\"en-US\",\"potentialAction\":[{\"@type\":\"ReadAction\",\"target\":[\"https:\\\/\\\/www.carnicasiruna.com\\\/en\\\/work-with-us\\\/\"]}]},{\"@type\":\"BreadcrumbList\",\"@id\":\"https:\\\/\\\/www.carnicasiruna.com\\\/en\\\/work-with-us\\\/#breadcrumb\",\"itemListElement\":[{\"@type\":\"ListItem\",\"position\":1,\"name\":\"Portada\",\"item\":\"https:\\\/\\\/www.carnicasiruna.com\\\/\"},{\"@type\":\"ListItem\",\"position\":2,\"name\":\"Work with us\"}]},{\"@type\":\"WebSite\",\"@id\":\"https:\\\/\\\/www.carnicasiruna.com\\\/#website\",\"url\":\"https:\\\/\\\/www.carnicasiruna.com\\\/\",\"name\":\"C\u00c1RNICAS IRU\u00d1A\",\"description\":\"Sala de despiece y distribuci\u00f3n de carne de cerdo en Navarra\",\"publisher\":{\"@id\":\"https:\\\/\\\/www.carnicasiruna.com\\\/#organization\"},\"alternateName\":\"C\u00c1RNICAS IRU\u00d1A\",\"potentialAction\":[{\"@type\":\"SearchAction\",\"target\":{\"@type\":\"EntryPoint\",\"urlTemplate\":\"https:\\\/\\\/www.carnicasiruna.com\\\/?s={search_term_string}\"},\"query-input\":{\"@type\":\"PropertyValueSpecification\",\"valueRequired\":true,\"valueName\":\"search_term_string\"}}],\"inLanguage\":\"en-US\"},{\"@type\":\"Organization\",\"@id\":\"https:\\\/\\\/www.carnicasiruna.com\\\/#organization\",\"name\":\"C\u00c1RNICAS IRU\u00d1A\",\"alternateName\":\"C\u00c1RNICAS IRU\u00d1A\",\"url\":\"https:\\\/\\\/www.carnicasiruna.com\\\/\",\"logo\":{\"@type\":\"ImageObject\",\"inLanguage\":\"en-US\",\"@id\":\"https:\\\/\\\/www.carnicasiruna.com\\\/#\\\/schema\\\/logo\\\/image\\\/\",\"url\":\"https:\\\/\\\/www.carnicasiruna.com\\\/wp-content\\\/uploads\\\/carnicas-iruna-logo-negro.jpg\",\"contentUrl\":\"https:\\\/\\\/www.carnicasiruna.com\\\/wp-content\\\/uploads\\\/carnicas-iruna-logo-negro.jpg\",\"width\":1075,\"height\":1075,\"caption\":\"C\u00c1RNICAS IRU\u00d1A\"},\"image\":{\"@id\":\"https:\\\/\\\/www.carnicasiruna.com\\\/#\\\/schema\\\/logo\\\/image\\\/\"},\"sameAs\":[\"https:\\\/\\\/www.facebook.com\\\/carnicasiruna\",\"https:\\\/\\\/x.com\\\/Carnicas_iruna\",\"https:\\\/\\\/www.youtube.com\\\/@carnicasiruna4609\",\"https:\\\/\\\/www.linkedin.com\\\/company\\\/carnicasiruna\"]}]}<\/script>\n<!-- \/ Yoast SEO plugin. -->","yoast_head_json":{"title":"Work with us - C\u00c1RNICAS IRU\u00d1A","robots":{"index":"index","follow":"follow","max-snippet":"max-snippet:-1","max-image-preview":"max-image-preview:large","max-video-preview":"max-video-preview:-1"},"canonical":"https:\/\/www.carnicasiruna.com\/en\/work-with-us\/","og_locale":"en_US","og_type":"article","og_title":"Work with us - C\u00c1RNICAS IRU\u00d1A","og_description":"Work with usPlease, send us the following form and we will contact you as soon as possible (fields marked * are compulsory).","og_url":"https:\/\/www.carnicasiruna.com\/en\/work-with-us\/","og_site_name":"C\u00c1RNICAS IRU\u00d1A","article_publisher":"https:\/\/www.facebook.com\/carnicasiruna","article_modified_time":"2024-11-27T17:58:28+00:00","og_image":[{"width":1200,"height":630,"url":"https:\/\/www.carnicasiruna.com\/wp-content\/uploads\/carnicas-iruna-play.jpg","type":"image\/jpeg"}],"twitter_card":"summary_large_image","twitter_site":"@Carnicas_iruna","twitter_misc":{"Est. reading time":"2 minutes"},"schema":{"@context":"https:\/\/schema.org","@graph":[{"@type":"WebPage","@id":"https:\/\/www.carnicasiruna.com\/en\/work-with-us\/","url":"https:\/\/www.carnicasiruna.com\/en\/work-with-us\/","name":"Work with us - C\u00c1RNICAS IRU\u00d1A","isPartOf":{"@id":"https:\/\/www.carnicasiruna.com\/#website"},"datePublished":"2022-10-17T12:04:08+00:00","dateModified":"2024-11-27T17:58:28+00:00","breadcrumb":{"@id":"https:\/\/www.carnicasiruna.com\/en\/work-with-us\/#breadcrumb"},"inLanguage":"en-US","potentialAction":[{"@type":"ReadAction","target":["https:\/\/www.carnicasiruna.com\/en\/work-with-us\/"]}]},{"@type":"BreadcrumbList","@id":"https:\/\/www.carnicasiruna.com\/en\/work-with-us\/#breadcrumb","itemListElement":[{"@type":"ListItem","position":1,"name":"Portada","item":"https:\/\/www.carnicasiruna.com\/"},{"@type":"ListItem","position":2,"name":"Work with us"}]},{"@type":"WebSite","@id":"https:\/\/www.carnicasiruna.com\/#website","url":"https:\/\/www.carnicasiruna.com\/","name":"C\u00c1RNICAS IRU\u00d1A","description":"Sala de despiece y distribuci\u00f3n de carne de cerdo en Navarra","publisher":{"@id":"https:\/\/www.carnicasiruna.com\/#organization"},"alternateName":"C\u00c1RNICAS IRU\u00d1A","potentialAction":[{"@type":"SearchAction","target":{"@type":"EntryPoint","urlTemplate":"https:\/\/www.carnicasiruna.com\/?s={search_term_string}"},"query-input":{"@type":"PropertyValueSpecification","valueRequired":true,"valueName":"search_term_string"}}],"inLanguage":"en-US"},{"@type":"Organization","@id":"https:\/\/www.carnicasiruna.com\/#organization","name":"C\u00c1RNICAS IRU\u00d1A","alternateName":"C\u00c1RNICAS IRU\u00d1A","url":"https:\/\/www.carnicasiruna.com\/","logo":{"@type":"ImageObject","inLanguage":"en-US","@id":"https:\/\/www.carnicasiruna.com\/#\/schema\/logo\/image\/","url":"https:\/\/www.carnicasiruna.com\/wp-content\/uploads\/carnicas-iruna-logo-negro.jpg","contentUrl":"https:\/\/www.carnicasiruna.com\/wp-content\/uploads\/carnicas-iruna-logo-negro.jpg","width":1075,"height":1075,"caption":"C\u00c1RNICAS IRU\u00d1A"},"image":{"@id":"https:\/\/www.carnicasiruna.com\/#\/schema\/logo\/image\/"},"sameAs":["https:\/\/www.facebook.com\/carnicasiruna","https:\/\/x.com\/Carnicas_iruna","https:\/\/www.youtube.com\/@carnicasiruna4609","https:\/\/www.linkedin.com\/company\/carnicasiruna"]}]}},"_links":{"self":[{"href":"https:\/\/www.carnicasiruna.com\/en\/wp-json\/wp\/v2\/pages\/2354","targetHints":{"allow":["GET"]}}],"collection":[{"href":"https:\/\/www.carnicasiruna.com\/en\/wp-json\/wp\/v2\/pages"}],"about":[{"href":"https:\/\/www.carnicasiruna.com\/en\/wp-json\/wp\/v2\/types\/page"}],"author":[{"embeddable":true,"href":"https:\/\/www.carnicasiruna.com\/en\/wp-json\/wp\/v2\/users\/4"}],"replies":[{"embeddable":true,"href":"https:\/\/www.carnicasiruna.com\/en\/wp-json\/wp\/v2\/comments?post=2354"}],"version-history":[{"count":5,"href":"https:\/\/www.carnicasiruna.com\/en\/wp-json\/wp\/v2\/pages\/2354\/revisions"}],"predecessor-version":[{"id":6075,"href":"https:\/\/www.carnicasiruna.com\/en\/wp-json\/wp\/v2\/pages\/2354\/revisions\/6075"}],"wp:attachment":[{"href":"https:\/\/www.carnicasiruna.com\/en\/wp-json\/wp\/v2\/media?parent=2354"}],"curies":[{"name":"wp","href":"https:\/\/api.w.org\/{rel}","templated":true}]}}